{"id":1237,"date":"2025-02-07T17:06:03","date_gmt":"2025-02-07T22:06:03","guid":{"rendered":"https:\/\/citizen-life.com\/web\/?page_id=1237"},"modified":"2025-02-07T17:26:48","modified_gmt":"2025-02-07T22:26:48","slug":"cnapp","status":"publish","type":"page","link":"https:\/\/citizen-life.com\/web\/?page_id=1237","title":{"rendered":"CNAPP"},"content":{"rendered":"\t\t<div data-elementor-type=\"wp-page\" data-elementor-id=\"1237\" class=\"elementor elementor-1237\">\n\t\t\t\t\t\t<div class=\"elementor-inner\">\n\t\t\t\t<div class=\"elementor-section-wrap\">\n\t\t\t\t\t\t\t\t\t<section class=\"elementor-section elementor-top-section elementor-element elementor-element-838aac7 elementor-section-stretched elementor-section-full_width elementor-section-height-default elementor-section-height-default\" data-id=\"838aac7\" data-element_type=\"section\" data-settings=\"{&quot;stretch_section&quot;:&quot;section-stretched&quot;}\">\n\t\t\t\t\t\t<div class=\"elementor-container elementor-column-gap-default\">\n\t\t\t\t\t\t\t<div class=\"elementor-row\">\n\t\t\t\t\t<div class=\"elementor-column elementor-col-50 elementor-top-column elementor-element elementor-element-07470b6\" data-id=\"07470b6\" data-element_type=\"column\">\n\t\t\t<div class=\"elementor-column-wrap elementor-element-populated\">\n\t\t\t\t\t\t\t<div class=\"elementor-widget-wrap\">\n\t\t\t\t\t\t<div class=\"elementor-element elementor-element-2af76bf1 elementor-widget elementor-widget-text-editor\" data-id=\"2af76bf1\" data-element_type=\"widget\" data-widget_type=\"text-editor.default\">\n\t\t\t\t<div class=\"elementor-widget-container\">\n\t\t\t\t\t\t\t\t<div class=\"elementor-text-editor elementor-clearfix\">\n\t\t\t\t<p>Entendemos que te preocupa la seguridad de tus aplicaciones y datos. La <span data-huuid=\"409316055408460801\"><mark>Plataforma de Protecci\u00f3n de Aplicaciones Nativas en la Nube <\/mark><\/span><span data-huuid=\"409316055408459810\">se trata de un conjunto de procesos y herramientas que ayuda a proteger las aplicaciones en la nube a lo largo de su <span style=\"text-decoration: underline;\"><strong>ciclo de vida<\/strong><\/span>.<span data-cid=\"4a674ce0-0c34-4ac2-a620-07217b29e9b5\">\u00a0 Soportado en la metodolog\u00eda de <strong><span style=\"text-decoration: underline;\">arquitectura empresarial<\/span><\/strong> para reflejar el ciclo de vida de la aplicaci\u00f3n a trav\u00e9s de las distintas capacidades empresariales, buscamos dar una mirada total a sus seguridad.<\/span><\/span><\/p><ul><li><b>Seguridad en Infraestructura como c\u00f3digo:<\/b> Situaciones en las configuraciones en Terraform, CloudFormation, y otras plantillas de IaC pueden desencadernar problemas de seguridad.<\/li><li><b>Visibilidad, cumplimiento y gobernanza:<\/b> La visibilidad de cada recurso implementado en su entorno de aplicaciones, as\u00ed como la confianza en su correcta configuraci\u00f3n y estado de cumplimiento legal, son fundamentales para una s\u00f3lida seguridad en la nube.<\/li><li><b>Detecci\u00f3n de amanezas en la nube<\/b>: Prevenga amenazas complejas de ataques\u00a0 y anomal\u00edas en entornos multicloud.<\/li><li><span style=\"font-weight: bold;\">Seguridad de datos<\/span>: Descubra, clasifique y proteja datos en entornos de nube. Evite la exfiltraci\u00f3n y las violaciones de cumplimiento normativo.<\/li><li><b>Seguridad de host<\/b>: Asegure sus m\u00e1quinas virtuales en la nube para cualquier nube p\u00fablica o privada.<\/li><li><span style=\"font-weight: bold;\">Seguridad de contenedores<\/span>: Proteja Kubernetes\u00ae y otras plataformas de contenedores en cualquier nube p\u00fablica o privada, desde el c\u00f3digo hasta la nube.<\/li><li><span style=\"font-weight: bold;\">Seguridad sin servidor<\/span>: Funciones seguras sin servidor durante todo el ciclo de vida de la aplicaci\u00f3n.<\/li><li><span style=\"font-weight: bold;\">Seguridad en aplicaciones web y API<\/span>: Capacidades como gesti\u00f3n de vulnerabilidades, cumplimiento normativo y defensa en tiempo de ejecuci\u00f3n. Detecte y protega autom\u00e1ticamente sus aplicaciones web y API basadas en microservicios en entornos locales y en la nube.<\/li><\/ul>\t\t\t\t\t<\/div>\n\t\t\t\t\t\t<\/div>\n\t\t\t\t<\/div>\n\t\t\t\t\t\t<\/div>\n\t\t\t\t\t<\/div>\n\t\t<\/div>\n\t\t\t\t<div class=\"elementor-column elementor-col-50 elementor-top-column elementor-element elementor-element-3032a4c\" data-id=\"3032a4c\" data-element_type=\"column\">\n\t\t\t<div class=\"elementor-column-wrap elementor-element-populated\">\n\t\t\t\t\t\t\t<div class=\"elementor-widget-wrap\">\n\t\t\t\t\t\t<div class=\"elementor-element elementor-element-d2b90dc elementor-widget elementor-widget-text-editor\" data-id=\"d2b90dc\" data-element_type=\"widget\" data-widget_type=\"text-editor.default\">\n\t\t\t\t<div class=\"elementor-widget-container\">\n\t\t\t\t\t\t\t\t<div class=\"elementor-text-editor elementor-clearfix\">\n\t\t\t\t<p>Por favor diligencie el siguiente formulario solicitar asistencia en CNAPP:<\/p><p><span style=\"caret-color: #555555; color: #555555; font-family: -apple-system, BlinkMacSystemFont, 'Segoe UI', Roboto, Oxygen-Sans, Ubuntu, Cantarell, 'Helvetica Neue', sans-serif; font-size: 13px; background-color: #f9f9f9;\"><div class=\"wpforms-container wpforms-container-full\" id=\"wpforms-796\"><form id=\"wpforms-form-796\" class=\"wpforms-validate wpforms-form\" data-formid=\"796\" method=\"post\" enctype=\"multipart\/form-data\" action=\"\/web\/index.php?rest_route=%2Fwp%2Fv2%2Fpages%2F1237\" data-token=\"8286a8964abea9a6061bc79066071510\" data-token-time=\"1778157696\"><noscript class=\"wpforms-error-noscript\">Por favor, activa JavaScript en tu navegador para completar este formulario.<\/noscript><div class=\"wpforms-field-container\"><div id=\"wpforms-796-field_0-container\" class=\"wpforms-field wpforms-field-name\" data-field-id=\"0\"><label class=\"wpforms-field-label\" for=\"wpforms-796-field_0\">Nombre <span class=\"wpforms-required-label\">*<\/span><\/label><input type=\"text\" id=\"wpforms-796-field_0\" class=\"wpforms-field-medium wpforms-field-required\" name=\"wpforms[fields][0]\" required><\/div><div id=\"wpforms-796-field_1-container\" class=\"wpforms-field wpforms-field-email\" data-field-id=\"1\"><label class=\"wpforms-field-label\">Correo electr\u00f3nico <span class=\"wpforms-required-label\">*<\/span><\/label><div class=\"wpforms-field-row wpforms-field-medium\"><div class=\"wpforms-field-row-block wpforms-one-half wpforms-first\"><input type=\"email\" id=\"wpforms-796-field_1\" class=\"wpforms-field-required wpforms-field-email-primary\" name=\"wpforms[fields][1][primary]\" spellcheck=\"false\" required><label for=\"wpforms-796-field_1\" class=\"wpforms-field-sublabel after\">Correo electr\u00f3nico<\/label><\/div><div class=\"wpforms-field-row-block wpforms-one-half\"><input type=\"email\" id=\"wpforms-796-field_1-secondary\" class=\"wpforms-field-email-secondary wpforms-field-required\" data-rule-confirm=\"#wpforms-796-field_1\" name=\"wpforms[fields][1][secondary]\" spellcheck=\"false\" required><label for=\"wpforms-796-field_1-secondary\" class=\"wpforms-field-sublabel after\">Confirmar el correo electr\u00f3nico<\/label><\/div><\/div><\/div><div id=\"wpforms-796-field_2-container\" class=\"wpforms-field wpforms-field-textarea\" data-field-id=\"2\"><label class=\"wpforms-field-label\" for=\"wpforms-796-field_2\">Solicitud <span class=\"wpforms-required-label\">*<\/span><\/label><textarea id=\"wpforms-796-field_2\" class=\"wpforms-field-medium wpforms-field-required\" name=\"wpforms[fields][2]\" required><\/textarea><\/div><\/div><!-- .wpforms-field-container --><div class=\"wpforms-field wpforms-field-hp\"><label for=\"wpforms-796-field-hp\" class=\"wpforms-field-label\">Website<\/label><input type=\"text\" name=\"wpforms[hp]\" id=\"wpforms-796-field-hp\" class=\"wpforms-field-medium\"><\/div><div class=\"wpforms-recaptcha-container wpforms-is-recaptcha wpforms-is-recaptcha-type-v2\" ><div class=\"g-recaptcha\" data-sitekey=\"6LdLqvoUAAAAAJD605RhZCZuHTzZPKtnJ4dx7Ywg\"><\/div><input type=\"text\" name=\"g-recaptcha-hidden\" class=\"wpforms-recaptcha-hidden\" style=\"position:absolute!important;clip:rect(0,0,0,0)!important;height:1px!important;width:1px!important;border:0!important;overflow:hidden!important;padding:0!important;margin:0!important;\" data-rule-recaptcha=\"1\"><\/div><div class=\"wpforms-submit-container\" ><input type=\"hidden\" name=\"wpforms[id]\" value=\"796\"><input type=\"hidden\" name=\"page_title\" value=\"\"><input type=\"hidden\" name=\"page_url\" value=\"https:\/\/citizen-life.com\/web\/index.php?rest_route=\/wp\/v2\/pages\/1237\"><input type=\"hidden\" name=\"url_referer\" value=\"\"><button type=\"submit\" name=\"wpforms[submit]\" id=\"wpforms-submit-796\" class=\"wpforms-submit\" data-alt-text=\"Enviando...\" data-submit-text=\"Enviar\" aria-live=\"assertive\" value=\"wpforms-submit\">Enviar<\/button><\/div><\/form><\/div>  <!-- .wpforms-container --><\/span><\/p>\t\t\t\t\t<\/div>\n\t\t\t\t\t\t<\/div>\n\t\t\t\t<\/div>\n\t\t\t\t\t\t<\/div>\n\t\t\t\t\t<\/div>\n\t\t<\/div>\n\t\t\t\t\t\t\t\t<\/div>\n\t\t\t\t\t<\/div>\n\t\t<\/section>\n\t\t\t\t<section class=\"elementor-section elementor-top-section elementor-element elementor-element-0b70670 elementor-section-boxed elementor-section-height-default elementor-section-height-default\" data-id=\"0b70670\" data-element_type=\"section\">\n\t\t\t\t\t\t<div class=\"elementor-container elementor-column-gap-default\">\n\t\t\t\t\t\t\t<div class=\"elementor-row\">\n\t\t\t\t\t<div class=\"elementor-column elementor-col-100 elementor-top-column elementor-element elementor-element-cbfd148\" data-id=\"cbfd148\" data-element_type=\"column\">\n\t\t\t<div class=\"elementor-column-wrap elementor-element-populated\">\n\t\t\t\t\t\t\t<div class=\"elementor-widget-wrap\">\n\t\t\t\t\t\t<div class=\"elementor-element elementor-element-e871765 elementor-widget elementor-widget-shortcode\" data-id=\"e871765\" data-element_type=\"widget\" data-widget_type=\"shortcode.default\">\n\t\t\t\t<div class=\"elementor-widget-container\">\n\t\t\t\t\t<div class=\"elementor-shortcode\"><script type=\"text\/javascript\"> !function(win,doc){\"use strict\";var script_loader=()=>{try {var head=doc.head||doc.getElementsByTagName(\"head\")[0],script=doc.createElement(\"script\");script.setAttribute(\"type\",\"text\/javascript\"),script.setAttribute(\"src\",win.iky_base_url+\"assets\/widget\/iky_widget_spanish.js\"),head.appendChild(script)} catch(e){}};win.chat_context={\"username\":\" \"},win.iky_base_url=\"https:\/\/bot.citizen-life.com\/\",script_loader()}(window,document); <\/script><\/div>\n\t\t\t\t<\/div>\n\t\t\t\t<\/div>\n\t\t\t\t\t\t<\/div>\n\t\t\t\t\t<\/div>\n\t\t<\/div>\n\t\t\t\t\t\t\t\t<\/div>\n\t\t\t\t\t<\/div>\n\t\t<\/section>\n\t\t\t\t\t\t\t\t\t<\/div>\n\t\t\t<\/div>\n\t\t\t\t\t<\/div>\n\t\t","protected":false},"excerpt":{"rendered":"<p>Entendemos que te preocupa la seguridad de tus aplicaciones y datos. La Plataforma de Protecci\u00f3n de Aplicaciones Nativas en la[&#8230;]<\/p>\n","protected":false},"author":1,"featured_media":386,"parent":0,"menu_order":0,"comment_status":"closed","ping_status":"closed","template":"","meta":{"content-type":"","footnotes":""},"class_list":["post-1237","page","type-page","status-publish","has-post-thumbnail","hentry"],"_links":{"self":[{"href":"https:\/\/citizen-life.com\/web\/index.php?rest_route=\/wp\/v2\/pages\/1237","targetHints":{"allow":["GET"]}}],"collection":[{"href":"https:\/\/citizen-life.com\/web\/index.php?rest_route=\/wp\/v2\/pages"}],"about":[{"href":"https:\/\/citizen-life.com\/web\/index.php?rest_route=\/wp\/v2\/types\/page"}],"author":[{"embeddable":true,"href":"https:\/\/citizen-life.com\/web\/index.php?rest_route=\/wp\/v2\/users\/1"}],"replies":[{"embeddable":true,"href":"https:\/\/citizen-life.com\/web\/index.php?rest_route=%2Fwp%2Fv2%2Fcomments&post=1237"}],"version-history":[{"count":23,"href":"https:\/\/citizen-life.com\/web\/index.php?rest_route=\/wp\/v2\/pages\/1237\/revisions"}],"predecessor-version":[{"id":1266,"href":"https:\/\/citizen-life.com\/web\/index.php?rest_route=\/wp\/v2\/pages\/1237\/revisions\/1266"}],"wp:featuredmedia":[{"embeddable":true,"href":"https:\/\/citizen-life.com\/web\/index.php?rest_route=\/wp\/v2\/media\/386"}],"wp:attachment":[{"href":"https:\/\/citizen-life.com\/web\/index.php?rest_route=%2Fwp%2Fv2%2Fmedia&parent=1237"}],"curies":[{"name":"wp","href":"https:\/\/api.w.org\/{rel}","templated":true}]}}