{"id":619,"date":"2020-03-20T13:48:35","date_gmt":"2020-03-20T13:48:35","guid":{"rendered":"https:\/\/desarrollo.herramientasvirtuales.com\/citizen\/?page_id=239"},"modified":"2020-05-20T12:39:01","modified_gmt":"2020-05-20T17:39:01","slug":"ouvert-par-le-gouvernement","status":"publish","type":"page","link":"https:\/\/citizen-life.com\/web\/?page_id=619&lang=fr","title":{"rendered":"Gouvernement ouvert"},"content":{"rendered":"<p>Dans le cadre de notre mission, nous avons rejoint la plus importante communaut\u00e9 espagnole dans des solutions technologiques pour un gouvernement ouvert. CONSUL est l\u2019outil le plus complet pour la participation des citoyens pour un gouvernement ouvert, transparent et d\u00e9mocratique.\u00a0 En savoir plus :<a href=\"http:\/\/consulproject.org\/es\/index.html\" class=\"broken_link\" rel=\"nofollow\"> http:\/\/consulproject.org\/es\/inde<\/a><a href=\"http:\/\/consulproject.org\/es\/index.html\" class=\"broken_link\" rel=\"nofollow\">x.htm<\/a>l, <a style=\"font-size: 2.1rem; letter-spacing: 0px; text-align: inherit;\" href=\"http:\/\/consul.citizen-life.com\" target=\"_blank\" rel=\"noopener noreferrer\">http:\/\/consul.citizen-life.com<\/a><\/p>\n<ul>\n<li><b>Enr\u00f4lement et personnalisation<\/b> : de la solution informatique : sur nos serveurs et avec l\u2019image institutionnelle de l\u2019organisation.<\/li>\n<li><b>Soutien et \u00e9volut<\/b>ion : Assurer les niveaux de service requis par l\u2019organisation<\/li>\n<li><b>Capacit\u00e9 de participation citoyenn<\/b>e : Conception de campagnes de marketing, interop\u00e9rabilit\u00e9 avec les syst\u00e8mes organisationnels et analyse pour la prise de d\u00e9cision.<\/li>\n<\/ul>\n<p>S\u2019il vous pla\u00eet dig\u00e9rer le formulaire suivant pour la demande de d\u00e9monstration de demande d\u2019application CONSUL:<\/p>\n<div role=\"form\" class=\"wpcf7\" id=\"wpcf7-f233-o1\" lang=\"es-ES\" dir=\"ltr\">\n<div class=\"screen-reader-response\"><p role=\"status\" aria-live=\"polite\" aria-atomic=\"true\"><\/p> <ul><\/ul><\/div>\n<form action=\"\/web\/index.php?rest_route=%2Fwp%2Fv2%2Fpages%2F619#wpcf7-f233-o1\" method=\"post\" class=\"wpcf7-form init\" novalidate=\"novalidate\" data-status=\"init\">\n<div style=\"display: none;\">\n<input type=\"hidden\" name=\"_wpcf7\" value=\"233\" \/>\n<input type=\"hidden\" name=\"_wpcf7_version\" value=\"5.6.3\" \/>\n<input type=\"hidden\" name=\"_wpcf7_locale\" value=\"es_ES\" \/>\n<input type=\"hidden\" name=\"_wpcf7_unit_tag\" value=\"wpcf7-f233-o1\" \/>\n<input type=\"hidden\" name=\"_wpcf7_container_post\" value=\"0\" \/>\n<input type=\"hidden\" name=\"_wpcf7_posted_data_hash\" value=\"\" \/>\n<\/div>\n<p><label> Tu nombre (obligatorio)<br \/>\n    <span class=\"wpcf7-form-control-wrap\" data-name=\"your-name\"><input type=\"text\" name=\"your-name\" value=\"\" size=\"40\" class=\"wpcf7-form-control wpcf7-text wpcf7-validates-as-required\" aria-required=\"true\" aria-invalid=\"false\" \/><\/span> <\/label><\/p>\n<p><label> Entidad (obligatorio)<br \/>\n    <span class=\"wpcf7-form-control-wrap\" data-name=\"text-978\"><input type=\"text\" name=\"text-978\" value=\"Entidad\" size=\"40\" class=\"wpcf7-form-control wpcf7-text wpcf7-validates-as-required\" aria-required=\"true\" aria-invalid=\"false\" \/><\/span> <\/label><\/p>\n<p><label> Tu correo electr\u00f3nico (obligatorio)<br \/>\n    <span class=\"wpcf7-form-control-wrap\" data-name=\"your-email\"><input type=\"email\" name=\"your-email\" value=\"\" size=\"40\" class=\"wpcf7-form-control wpcf7-text wpcf7-email wpcf7-validates-as-required wpcf7-validates-as-email\" aria-required=\"true\" aria-invalid=\"false\" \/><\/span> <\/label><\/p>\n<p><label> Tu solicitud<br \/>\n    <span class=\"wpcf7-form-control-wrap\" data-name=\"your-message\"><textarea name=\"your-message\" cols=\"40\" rows=\"10\" class=\"wpcf7-form-control wpcf7-textarea\" aria-invalid=\"false\"><\/textarea><\/span> <\/label><\/p>\n<p><input type=\"submit\" value=\"Enviar\" class=\"wpcf7-form-control has-spinner wpcf7-submit\" \/><\/p>\n<div class=\"wpcf7-response-output\" aria-hidden=\"true\"><\/div><\/form><\/div>\n","protected":false},"excerpt":{"rendered":"<p>Dans le cadre de notre mission, nous avons rejoint la plus importante communaut\u00e9 espagnole dans des solutions technologiques pour un[&#8230;]<\/p>\n","protected":false},"author":1,"featured_media":0,"parent":0,"menu_order":0,"comment_status":"closed","ping_status":"closed","template":"","meta":{"content-type":"","footnotes":""},"class_list":["post-619","page","type-page","status-publish","hentry"],"_links":{"self":[{"href":"https:\/\/citizen-life.com\/web\/index.php?rest_route=\/wp\/v2\/pages\/619","targetHints":{"allow":["GET"]}}],"collection":[{"href":"https:\/\/citizen-life.com\/web\/index.php?rest_route=\/wp\/v2\/pages"}],"about":[{"href":"https:\/\/citizen-life.com\/web\/index.php?rest_route=\/wp\/v2\/types\/page"}],"author":[{"embeddable":true,"href":"https:\/\/citizen-life.com\/web\/index.php?rest_route=\/wp\/v2\/users\/1"}],"replies":[{"embeddable":true,"href":"https:\/\/citizen-life.com\/web\/index.php?rest_route=%2Fwp%2Fv2%2Fcomments&post=619"}],"version-history":[{"count":1,"href":"https:\/\/citizen-life.com\/web\/index.php?rest_route=\/wp\/v2\/pages\/619\/revisions"}],"predecessor-version":[{"id":651,"href":"https:\/\/citizen-life.com\/web\/index.php?rest_route=\/wp\/v2\/pages\/619\/revisions\/651"}],"wp:attachment":[{"href":"https:\/\/citizen-life.com\/web\/index.php?rest_route=%2Fwp%2Fv2%2Fmedia&parent=619"}],"curies":[{"name":"wp","href":"https:\/\/api.w.org\/{rel}","templated":true}]}}