{"id":659,"date":"2020-02-17T16:04:09","date_gmt":"2020-02-17T16:04:09","guid":{"rendered":"https:\/\/desarrollo.herramientasvirtuales.com\/?page_id=2"},"modified":"2020-02-17T16:04:09","modified_gmt":"2020-02-17T16:04:09","slug":"exemple-page","status":"publish","type":"page","link":"https:\/\/citizen-life.com\/web\/?page_id=659&lang=fr","title":{"rendered":"Accueil"},"content":{"rendered":"<h3 style=\"text-align: center;\">QUI SOMMES-NOUS<\/h3>\n<p>Nous sommes une entreprise mondiale qui accompagne et conseille les organisations sur la transformation num\u00e9rique.<\/p>\n<p>Form\u00e9 par des professionnels de diff\u00e9rentes disciplines, qui rendent \u00e0 la disposition des entit\u00e9s nos connaissances pour g\u00e9n\u00e9rer de la valeur par le biais des TIC.<\/p>\n<p>\t\t\t\t\t\t\t\t\t\t<img loading=\"lazy\" decoding=\"async\" width=\"430\" height=\"305\" src=\"http:\/\/citizen-life.com\/web\/wp-content\/uploads\/2020\/04\/img-01-1.jpg\" alt=\"\" srcset=\"https:\/\/citizen-life.com\/web\/wp-content\/uploads\/2020\/04\/img-01-1.jpg 430w, https:\/\/citizen-life.com\/web\/wp-content\/uploads\/2020\/04\/img-01-1-300x213.jpg 300w\" sizes=\"auto, (max-width: 430px) 100vw, 430px\" \/>\t\t\t\t\t\t\t\t\t\t\t<\/p>\n<h2>Qu\u2019est-ce qui nous inspire ?<\/h2>\n<p>\t\t\t\t\t\t\t\t\t\t<img loading=\"lazy\" decoding=\"async\" width=\"580\" height=\"381\" src=\"http:\/\/citizen-life.com\/web\/wp-content\/uploads\/2020\/04\/Sin-t\u00edtulo-3-768x504-1.png\" alt=\"\" srcset=\"https:\/\/citizen-life.com\/web\/wp-content\/uploads\/2020\/04\/Sin-t\u00edtulo-3-768x504-1.png 768w, https:\/\/citizen-life.com\/web\/wp-content\/uploads\/2020\/04\/Sin-t\u00edtulo-3-768x504-1-300x197.png 300w\" sizes=\"auto, (max-width: 580px) 100vw, 580px\" \/>\t\t\t\t\t\t\t\t\t\t\t<\/p>\n<h3 style=\"text-align: center;\">NOTRE EXP\u00c9RIENCE<\/h3>\n<p style=\"text-align: center;\">Nous d\u00e9veloppons des projets qui soutiennent la transformation num\u00e9rique dans les entit\u00e9s publiques et priv\u00e9es dans les secteurs suivants :<\/p>\n<h6>\n\t\t\t\t\tTECHNOLOGIES DE L\u2019INFORMATION<br \/>\n\t\t\t\t<\/h6>\n<h6>\n\t\t\t\t\tJustice<br \/>\n\t\t\t\t<\/h6>\n<h6>\n\t\t\t\t\tEnvironnement<br \/>\n\t\t\t\t<\/h6>\n<h6>\n\t\t\t\t\t\u00c9ducation<br \/>\n\t\t\t\t<\/h6>\n<h6>\n\t\t\t\t\tFINANCES ET FINANCES<br \/>\n\t\t\t\t<\/h6>\n<h6>\n\t\t\t\t\tMINES ET \u00c9NERGIE<br \/>\n\t\t\t\t<\/h6>\n<h6>\n\t\t\t\t\tENTIT\u00c9S DE CONTR\u00d4LE<br \/>\n\t\t\t\t<\/h6>\n<h6>\n\t\t\t\t\tD\u00e9fense<br \/>\n\t\t\t\t<\/h6>\n<h6>\n\t\t\t\t\t\u00c0 tes souhaits<br \/>\n\t\t\t\t<\/h6>\n<h3 style=\"text-align: center;\">NOS SERVICES DE CONSULTATION<\/h3>\n<p style=\"text-align: center;\">Gr\u00e2ce \u00e0 des m\u00e9thodologies et des professionnels reconnus sp\u00e9cialis\u00e9s dans la strat\u00e9gie d\u2019entreprise, l\u2019architecture d\u2019applications et l\u2019information et la technologie, nous offrons des services dans :\u00a0<\/p>\n<p>\t\t\t\t<a href=\"https:\/\/citizen-life.com\/web\/?page_id=235\"><br \/>\n\t\t\t\t\t\t\t\t<\/a><\/p>\n<h6>\n\t\t\t\t\t<a href=\"https:\/\/citizen-life.com\/web\/?page_id=235\">Informations sur la participation<\/a><br \/>\n\t\t\t\t<\/h6>\n<p>Renseignez-vous sur les sujets les plus pertinents sur la participation des citoyens dans diff\u00e9rents secteurs. Gr\u00e2ce \u00e0 des outils technologiques d\u2019analyse de l\u2019information, nous offrons des rapports cognitifs aux intervenants.<\/p>\n<p>\t\t\t\t<a href=\"https:\/\/citizen-life.com\/web\/?page_id=237\"><br \/>\n\t\t\t\t\t\t\t\t<\/a><\/p>\n<h6>\n\t\t\t\t\t<a href=\"https:\/\/citizen-life.com\/web\/?page_id=237\">Transformation num\u00e9rique<\/a><br \/>\n\t\t\t\t<\/h6>\n<p>Nous accompagnons l\u2019organisation dans la conception et la mise en \u0153uvre de strat\u00e9gies et de capacit\u00e9s num\u00e9riques dans les processus, les produits et les actifs afin d\u2019am\u00e9liorer l\u2019efficacit\u00e9 et la valeur pour le client. De m\u00eame, pour g\u00e9rer les risques et d\u00e9couvrir de nouvelles opportunit\u00e9s de g\u00e9n\u00e9ration de revenus.\n<\/p>\n<p>\t\t\t\t<a href=\"https:\/\/citizen-life.com\/web\/?page_id=239\"><br \/>\n\t\t\t\t\t\t\t\t<\/a><\/p>\n<h6>\n\t\t\t\t\t<a href=\"https:\/\/citizen-life.com\/web\/?page_id=239\">Gouvernement ouvert<\/a><br \/>\n\t\t\t\t<\/h6>\n<p>Dans le cadre de notre mission, nous avons rejoint la plus importante communaut\u00e9 espagnole dans des solutions technologiques pour un gouvernement ouvert. CONSUL est l\u2019outil le plus complet pour la participation des citoyens pour un gouvernement ouvert, transparent et d\u00e9mocratique.  <\/p>\n<p>\t\t\t\t<a href=\"https:\/\/citizen-life.com\/web\/?page_id=241\"><br \/>\n\t\t\t\t\t\t\t\t<\/a><\/p>\n<h6>\n\t\t\t\t\t<a href=\"https:\/\/citizen-life.com\/web\/?page_id=241\">Gouvernance \u00e9lectronique (G2C)<\/a><br \/>\n\t\t\t\t<\/h6>\n<p>Avec une \u00e9quipe interdisciplinaire de professionnels hautement qualifi\u00e9s, nous accompagnons les entit\u00e9s nationales et territoriales dans la conception et la mise en \u0153uvre d\u2019initiatives e-gouvernementales, visant \u00e0 g\u00e9n\u00e9rer de la valeur publique pour les citoyens, par le biais de services administratifs et d\u2019information mis \u00e0 profit dans les TIC.\n<\/p>\n<p>\t\t\t\t\t\t\t\t\t\t<img loading=\"lazy\" decoding=\"async\" width=\"400\" height=\"185\" src=\"http:\/\/citizen-life.com\/web\/wp-content\/uploads\/2020\/03\/logo-blanco_mini.png\" alt=\"\" srcset=\"https:\/\/citizen-life.com\/web\/wp-content\/uploads\/2020\/03\/logo-blanco_mini.png 400w, https:\/\/citizen-life.com\/web\/wp-content\/uploads\/2020\/03\/logo-blanco_mini-300x139.png 300w\" sizes=\"auto, (max-width: 400px) 100vw, 400px\" \/>\t\t\t\t\t\t\t\t\t\t\t<\/p>\n<h6>Abonnez-vous \u00e0 NOTRE NEWSLETTER INFORMATIVE<\/h6>\n<div role=\"form\" class=\"wpcf7\" id=\"wpcf7-f225-o1\" lang=\"es-ES\" dir=\"ltr\">\n<div class=\"screen-reader-response\"><p role=\"status\" aria-live=\"polite\" aria-atomic=\"true\"><\/p> <ul><\/ul><\/div>\n<form action=\"\/web\/index.php?rest_route=%2Fwp%2Fv2%2Fpages%2F659#wpcf7-f225-o1\" method=\"post\" class=\"wpcf7-form init\" novalidate=\"novalidate\" data-status=\"init\">\n<div style=\"display: none;\">\n<input type=\"hidden\" name=\"_wpcf7\" value=\"225\" \/>\n<input type=\"hidden\" name=\"_wpcf7_version\" value=\"5.6.3\" \/>\n<input type=\"hidden\" name=\"_wpcf7_locale\" value=\"es_ES\" \/>\n<input type=\"hidden\" name=\"_wpcf7_unit_tag\" value=\"wpcf7-f225-o1\" \/>\n<input type=\"hidden\" name=\"_wpcf7_container_post\" value=\"0\" \/>\n<input type=\"hidden\" name=\"_wpcf7_posted_data_hash\" value=\"\" \/>\n<\/div>\n<p><label> <span class=\"wpcf7-form-control-wrap\" data-name=\"your-name\"><input type=\"text\" name=\"your-name\" value=\"\" size=\"40\" class=\"wpcf7-form-control wpcf7-text wpcf7-validates-as-required\" aria-required=\"true\" aria-invalid=\"false\" placeholder=\"Nombre completo\" \/><\/span><\/label><br \/>\n  <label> <span class=\"wpcf7-form-control-wrap\" data-name=\"your-email\"><input type=\"email\" name=\"your-email\" value=\"\" size=\"40\" class=\"wpcf7-form-control wpcf7-text wpcf7-email wpcf7-validates-as-required wpcf7-validates-as-email\" aria-required=\"true\" aria-invalid=\"false\" placeholder=\"Correo electr\u00f3nico\" \/><\/span><\/label><\/p>\n<p><input type=\"submit\" value=\"Suscribirte a nuestro bolet\u00edn\" class=\"wpcf7-form-control has-spinner wpcf7-submit\" \/><\/p>\n<div class=\"wpcf7-response-output\" aria-hidden=\"true\"><\/div><\/form><\/div>\n<h3 style=\"text-align: center;\">FORMULAIRE DE CONTACT<\/h3>\n<p style=\"text-align: center;\">Diligence notre formulaire CONTACT et nous vous contacterons bient\u00f4t.<\/p>\n<div role=\"form\" class=\"wpcf7\" id=\"wpcf7-f86-o2\" lang=\"es-ES\" dir=\"ltr\">\n<div class=\"screen-reader-response\"><p role=\"status\" aria-live=\"polite\" aria-atomic=\"true\"><\/p> <ul><\/ul><\/div>\n<form action=\"\/web\/index.php?rest_route=%2Fwp%2Fv2%2Fpages%2F659#wpcf7-f86-o2\" method=\"post\" class=\"wpcf7-form init\" novalidate=\"novalidate\" data-status=\"init\">\n<div style=\"display: none;\">\n<input type=\"hidden\" name=\"_wpcf7\" value=\"86\" \/>\n<input type=\"hidden\" name=\"_wpcf7_version\" value=\"5.6.3\" \/>\n<input type=\"hidden\" name=\"_wpcf7_locale\" value=\"es_ES\" \/>\n<input type=\"hidden\" name=\"_wpcf7_unit_tag\" value=\"wpcf7-f86-o2\" \/>\n<input type=\"hidden\" name=\"_wpcf7_container_post\" value=\"0\" \/>\n<input type=\"hidden\" name=\"_wpcf7_posted_data_hash\" value=\"\" \/>\n<\/div>\n<p><label> Tu nombre (obligatorio)<br \/>\n    <span class=\"wpcf7-form-control-wrap\" data-name=\"your-name\"><input type=\"text\" name=\"your-name\" value=\"\" size=\"40\" class=\"wpcf7-form-control wpcf7-text wpcf7-validates-as-required\" aria-required=\"true\" aria-invalid=\"false\" \/><\/span> <\/label><\/p>\n<p><label> Tu correo electr\u00f3nico (obligatorio)<br \/>\n    <span class=\"wpcf7-form-control-wrap\" data-name=\"your-email\"><input type=\"email\" name=\"your-email\" value=\"\" size=\"40\" class=\"wpcf7-form-control wpcf7-text wpcf7-email wpcf7-validates-as-required wpcf7-validates-as-email\" aria-required=\"true\" aria-invalid=\"false\" \/><\/span> <\/label><\/p>\n<p><label> Asunto<br \/>\n    <span class=\"wpcf7-form-control-wrap\" data-name=\"your-subject\"><input type=\"text\" name=\"your-subject\" value=\"\" size=\"40\" class=\"wpcf7-form-control wpcf7-text\" aria-invalid=\"false\" \/><\/span> <\/label><\/p>\n<p><label> Tu mensaje<br \/>\n    <span class=\"wpcf7-form-control-wrap\" data-name=\"your-message\"><textarea name=\"your-message\" cols=\"40\" rows=\"10\" class=\"wpcf7-form-control wpcf7-textarea\" aria-invalid=\"false\"><\/textarea><\/span> <\/label><\/p>\n<p><input type=\"submit\" value=\"Enviar\" class=\"wpcf7-form-control has-spinner wpcf7-submit\" \/><\/p>\n<div class=\"wpcf7-response-output\" aria-hidden=\"true\"><\/div><\/form><\/div>\n<ul>\n<li >\n\t\t\t\t\t\t\t\t\t\t57 3102386951\n\t\t\t\t\t\t\t\t\t<\/li>\n<li >\n\t\t\t\t\t\t\t\t\t\tArc. 10 x 16 -18 Bureau 801\n\t\t\t\t\t\t\t\t\t<\/li>\n<li >\n\t\t\t\t\t<a href=\"mail: info@citizen-life.com\"><br \/>\n\t\t\t\t\t\t\t\t\t\tinfo@citizen-life.com<br \/>\n\t\t\t\t\t\t\t\t\t\t\t<\/a>\n\t\t\t\t\t\t\t\t\t<\/li>\n<\/ul>\n<p>\t\t\t\t\t\t\t<a href=\"https:\/\/twitter.com\/CitizenLife1\" target=\"_blank\" rel=\"nofollow noopener noreferrer\"><br \/>\n\t\t\t\t\tTwitter<br \/>\n\t\t\t\t\t\t\t\t\t<\/a><br \/>\n\t\t\t\t\t\t\t<a href=\"https:\/\/api.whatsapp.com\/send?phone=573102386951\" target=\"_blank\" rel=\"nofollow noopener noreferrer\"><br \/>\n\t\t\t\t\tWhatsapp<br \/>\n\t\t\t\t\t\t\t\t\t<\/a><br \/>\n\t\t\t\t\t\t\t<a href=\"https:\/\/www.youtube.com\/channel\/UC_xYgDHMaFXiywpPE5YQW6A?view_as=subscriber\" target=\"_blank\" rel=\"nofollow noopener noreferrer\"><br \/>\n\t\t\t\t\tYoutube<br \/>\n\t\t\t\t\t\t\t\t\t<\/a><br \/>\n\t\t\t\t\t\t\t<a href=\"http:\/\/www.linkedin.com\/company\/citizen-life\" target=\"_blank\" rel=\"nofollow noopener noreferrer\"><br \/>\n\t\t\t\t\tLinkedin<br \/>\n\t\t\t\t\t\t\t\t\t<\/a><br \/>\n\t\t\t<iframe frameborder=\"0\" scrolling=\"no\" marginheight=\"0\" marginwidth=\"0\" src=\"https:\/\/maps.google.com\/maps?q=bogota%20cra.10%20%2316-18%20&amp;t=m&amp;z=10&amp;output=embed&amp;iwloc=near\" aria-label=\"bogota cra.10 #16-18 \"><\/iframe><\/p>\n","protected":false},"excerpt":{"rendered":"<p>QUI SOMMES-NOUS Nous sommes une entreprise mondiale qui accompagne et conseille les organisations sur la transformation num\u00e9rique. Form\u00e9 par des[&#8230;]<\/p>\n","protected":false},"author":1,"featured_media":0,"parent":0,"menu_order":0,"comment_status":"closed","ping_status":"open","template":"","meta":{"content-type":"","footnotes":""},"class_list":["post-659","page","type-page","status-publish","hentry"],"_links":{"self":[{"href":"https:\/\/citizen-life.com\/web\/index.php?rest_route=\/wp\/v2\/pages\/659","targetHints":{"allow":["GET"]}}],"collection":[{"href":"https:\/\/citizen-life.com\/web\/index.php?rest_route=\/wp\/v2\/pages"}],"about":[{"href":"https:\/\/citizen-life.com\/web\/index.php?rest_route=\/wp\/v2\/types\/page"}],"author":[{"embeddable":true,"href":"https:\/\/citizen-life.com\/web\/index.php?rest_route=\/wp\/v2\/users\/1"}],"replies":[{"embeddable":true,"href":"https:\/\/citizen-life.com\/web\/index.php?rest_route=%2Fwp%2Fv2%2Fcomments&post=659"}],"version-history":[{"count":0,"href":"https:\/\/citizen-life.com\/web\/index.php?rest_route=\/wp\/v2\/pages\/659\/revisions"}],"wp:attachment":[{"href":"https:\/\/citizen-life.com\/web\/index.php?rest_route=%2Fwp%2Fv2%2Fmedia&parent=659"}],"curies":[{"name":"wp","href":"https:\/\/api.w.org\/{rel}","templated":true}]}}