{"id":669,"date":"2020-03-20T13:49:26","date_gmt":"2020-03-20T13:49:26","guid":{"rendered":"https:\/\/desarrollo.herramientasvirtuales.com\/citizen\/?page_id=241"},"modified":"2020-03-20T13:49:26","modified_gmt":"2020-03-20T13:49:26","slug":"gouvernement-electronique-en-anglais-2","status":"publish","type":"page","link":"https:\/\/citizen-life.com\/web\/?page_id=669&lang=fr","title":{"rendered":"Gouvernance \u00e9lectronique (G2C)"},"content":{"rendered":"<p>Avec une \u00e9quipe interdisciplinaire de professionnels hautement qualifi\u00e9s, nous accompagnons les entit\u00e9s nationales et territoriales dans la conception et la mise en \u0153uvre d\u2019initiatives e-gouvernementales, visant \u00e0 g\u00e9n\u00e9rer de la valeur publique pour les citoyens, par le biais de services administratifs et d\u2019information mis \u00e0 profit dans les TIC<\/p>\n<h5>Demandez plus d\u2019informations :<\/h5>\n<div role=\"form\" class=\"wpcf7\" id=\"wpcf7-f234-o1\" lang=\"es-ES\" dir=\"ltr\">\n<div class=\"screen-reader-response\"><p role=\"status\" aria-live=\"polite\" aria-atomic=\"true\"><\/p> <ul><\/ul><\/div>\n<form action=\"\/web\/index.php?rest_route=%2Fwp%2Fv2%2Fpages%2F669#wpcf7-f234-o1\" method=\"post\" class=\"wpcf7-form init\" novalidate=\"novalidate\" data-status=\"init\">\n<div style=\"display: none;\">\n<input type=\"hidden\" name=\"_wpcf7\" value=\"234\" \/>\n<input type=\"hidden\" name=\"_wpcf7_version\" value=\"5.6.3\" \/>\n<input type=\"hidden\" name=\"_wpcf7_locale\" value=\"es_ES\" \/>\n<input type=\"hidden\" name=\"_wpcf7_unit_tag\" value=\"wpcf7-f234-o1\" \/>\n<input type=\"hidden\" name=\"_wpcf7_container_post\" value=\"0\" \/>\n<input type=\"hidden\" name=\"_wpcf7_posted_data_hash\" value=\"\" \/>\n<\/div>\n<p><label> Tu nombre (obligatorio)<br \/>\n    <span class=\"wpcf7-form-control-wrap\" data-name=\"your-name\"><input type=\"text\" name=\"your-name\" value=\"\" size=\"40\" class=\"wpcf7-form-control wpcf7-text wpcf7-validates-as-required\" aria-required=\"true\" aria-invalid=\"false\" \/><\/span> <\/label><\/p>\n<p><label> Entidad (obligatorio)<br \/>\n    <span class=\"wpcf7-form-control-wrap\" data-name=\"text-978\"><input type=\"text\" name=\"text-978\" value=\"Entidad\" size=\"40\" class=\"wpcf7-form-control wpcf7-text wpcf7-validates-as-required\" aria-required=\"true\" aria-invalid=\"false\" \/><\/span> <\/label><\/p>\n<p><label> Tu correo electr\u00f3nico (obligatorio)<br \/>\n    <span class=\"wpcf7-form-control-wrap\" data-name=\"your-email\"><input type=\"email\" name=\"your-email\" value=\"\" size=\"40\" class=\"wpcf7-form-control wpcf7-text wpcf7-email wpcf7-validates-as-required wpcf7-validates-as-email\" aria-required=\"true\" aria-invalid=\"false\" \/><\/span> <\/label><\/p>\n<p><label> Tu solicitud<br \/>\n    <span class=\"wpcf7-form-control-wrap\" data-name=\"your-message\"><textarea name=\"your-message\" cols=\"40\" rows=\"10\" class=\"wpcf7-form-control wpcf7-textarea\" aria-invalid=\"false\"><\/textarea><\/span> <\/label><\/p>\n<p><input type=\"submit\" value=\"Enviar\" class=\"wpcf7-form-control has-spinner wpcf7-submit\" \/><\/p>\n<div class=\"wpcf7-response-output\" aria-hidden=\"true\"><\/div><\/form><\/div>\n","protected":false},"excerpt":{"rendered":"<p>Avec une \u00e9quipe interdisciplinaire de professionnels hautement qualifi\u00e9s, nous accompagnons les entit\u00e9s nationales et territoriales dans la conception et la[&#8230;]<\/p>\n","protected":false},"author":1,"featured_media":0,"parent":0,"menu_order":0,"comment_status":"closed","ping_status":"closed","template":"","meta":{"content-type":"","footnotes":""},"class_list":["post-669","page","type-page","status-publish","hentry"],"_links":{"self":[{"href":"https:\/\/citizen-life.com\/web\/index.php?rest_route=\/wp\/v2\/pages\/669","targetHints":{"allow":["GET"]}}],"collection":[{"href":"https:\/\/citizen-life.com\/web\/index.php?rest_route=\/wp\/v2\/pages"}],"about":[{"href":"https:\/\/citizen-life.com\/web\/index.php?rest_route=\/wp\/v2\/types\/page"}],"author":[{"embeddable":true,"href":"https:\/\/citizen-life.com\/web\/index.php?rest_route=\/wp\/v2\/users\/1"}],"replies":[{"embeddable":true,"href":"https:\/\/citizen-life.com\/web\/index.php?rest_route=%2Fwp%2Fv2%2Fcomments&post=669"}],"version-history":[{"count":0,"href":"https:\/\/citizen-life.com\/web\/index.php?rest_route=\/wp\/v2\/pages\/669\/revisions"}],"wp:attachment":[{"href":"https:\/\/citizen-life.com\/web\/index.php?rest_route=%2Fwp%2Fv2%2Fmedia&parent=669"}],"curies":[{"name":"wp","href":"https:\/\/api.w.org\/{rel}","templated":true}]}}