{"id":672,"date":"2020-03-20T13:46:03","date_gmt":"2020-03-20T13:46:03","guid":{"rendered":"https:\/\/desarrollo.herramientasvirtuales.com\/citizen\/?page_id=235"},"modified":"2020-05-26T15:25:30","modified_gmt":"2020-05-26T20:25:30","slug":"participation-information","status":"publish","type":"page","link":"https:\/\/citizen-life.com\/web\/?page_id=672&lang=fr","title":{"rendered":"Informations sur la participation"},"content":{"rendered":"<p>Renseignez-vous sur les sujets les plus pertinents sur la participation des citoyens dans diff\u00e9rents secteurs. Gr\u00e2ce \u00e0 des outils technologiques d\u2019analyse de l\u2019information, nous offrons des rapports cognitifs aux intervenants.<\/p>\n<h5>Demandez plus d\u2019informations<\/h5>\n<div class=\"wpforms-container wpforms-container-full\" id=\"wpforms-796\"><form id=\"wpforms-form-796\" class=\"wpforms-validate wpforms-form\" data-formid=\"796\" method=\"post\" enctype=\"multipart\/form-data\" action=\"\/web\/index.php?rest_route=%2Fwp%2Fv2%2Fpages%2F672\" data-token=\"0471fbad62ce962fd9a1a426f8bd3d36\" data-token-time=\"1777395293\"><noscript class=\"wpforms-error-noscript\">Por favor, activa JavaScript en tu navegador para completar este formulario.<\/noscript><div class=\"wpforms-field-container\"><div id=\"wpforms-796-field_0-container\" class=\"wpforms-field wpforms-field-name\" data-field-id=\"0\"><label class=\"wpforms-field-label\" for=\"wpforms-796-field_0\">Nombre <span class=\"wpforms-required-label\">*<\/span><\/label><input type=\"text\" id=\"wpforms-796-field_0\" class=\"wpforms-field-medium wpforms-field-required\" name=\"wpforms[fields][0]\" required><\/div><div id=\"wpforms-796-field_1-container\" class=\"wpforms-field wpforms-field-email\" data-field-id=\"1\"><label class=\"wpforms-field-label\">Correo electr\u00f3nico <span class=\"wpforms-required-label\">*<\/span><\/label><div class=\"wpforms-field-row wpforms-field-medium\"><div class=\"wpforms-field-row-block wpforms-one-half wpforms-first\"><input type=\"email\" id=\"wpforms-796-field_1\" class=\"wpforms-field-required wpforms-field-email-primary\" name=\"wpforms[fields][1][primary]\" spellcheck=\"false\" required><label for=\"wpforms-796-field_1\" class=\"wpforms-field-sublabel after\">Correo electr\u00f3nico<\/label><\/div><div class=\"wpforms-field-row-block wpforms-one-half\"><input type=\"email\" id=\"wpforms-796-field_1-secondary\" class=\"wpforms-field-email-secondary wpforms-field-required\" data-rule-confirm=\"#wpforms-796-field_1\" name=\"wpforms[fields][1][secondary]\" spellcheck=\"false\" required><label for=\"wpforms-796-field_1-secondary\" class=\"wpforms-field-sublabel after\">Confirmar el correo electr\u00f3nico<\/label><\/div><\/div><\/div><div id=\"wpforms-796-field_2-container\" class=\"wpforms-field wpforms-field-textarea\" data-field-id=\"2\"><label class=\"wpforms-field-label\" for=\"wpforms-796-field_2\">Solicitud <span class=\"wpforms-required-label\">*<\/span><\/label><textarea id=\"wpforms-796-field_2\" class=\"wpforms-field-medium wpforms-field-required\" name=\"wpforms[fields][2]\" required><\/textarea><\/div><\/div><!-- .wpforms-field-container --><div class=\"wpforms-field wpforms-field-hp\"><label for=\"wpforms-796-field-hp\" class=\"wpforms-field-label\">Name<\/label><input type=\"text\" name=\"wpforms[hp]\" id=\"wpforms-796-field-hp\" class=\"wpforms-field-medium\"><\/div><div class=\"wpforms-recaptcha-container wpforms-is-recaptcha wpforms-is-recaptcha-type-v2\" ><div class=\"g-recaptcha\" data-sitekey=\"6LdLqvoUAAAAAJD605RhZCZuHTzZPKtnJ4dx7Ywg\"><\/div><input type=\"text\" name=\"g-recaptcha-hidden\" class=\"wpforms-recaptcha-hidden\" style=\"position:absolute!important;clip:rect(0,0,0,0)!important;height:1px!important;width:1px!important;border:0!important;overflow:hidden!important;padding:0!important;margin:0!important;\" data-rule-recaptcha=\"1\"><\/div><div class=\"wpforms-submit-container\" ><input type=\"hidden\" name=\"wpforms[id]\" value=\"796\"><input type=\"hidden\" name=\"page_title\" value=\"\"><input type=\"hidden\" name=\"page_url\" value=\"https:\/\/citizen-life.com\/web\/index.php?rest_route=\/wp\/v2\/pages\/672\"><input type=\"hidden\" name=\"url_referer\" value=\"\"><button type=\"submit\" name=\"wpforms[submit]\" id=\"wpforms-submit-796\" class=\"wpforms-submit\" data-alt-text=\"Enviando...\" data-submit-text=\"Enviar\" aria-live=\"assertive\" value=\"wpforms-submit\">Enviar<\/button><\/div><\/form><\/div>  <!-- .wpforms-container -->\n","protected":false},"excerpt":{"rendered":"<p>Renseignez-vous sur les sujets les plus pertinents sur la participation des citoyens dans diff\u00e9rents secteurs. Gr\u00e2ce \u00e0 des outils technologiques[&#8230;]<\/p>\n","protected":false},"author":1,"featured_media":0,"parent":0,"menu_order":0,"comment_status":"closed","ping_status":"closed","template":"","meta":{"content-type":"","footnotes":""},"class_list":["post-672","page","type-page","status-publish","hentry"],"_links":{"self":[{"href":"https:\/\/citizen-life.com\/web\/index.php?rest_route=\/wp\/v2\/pages\/672","targetHints":{"allow":["GET"]}}],"collection":[{"href":"https:\/\/citizen-life.com\/web\/index.php?rest_route=\/wp\/v2\/pages"}],"about":[{"href":"https:\/\/citizen-life.com\/web\/index.php?rest_route=\/wp\/v2\/types\/page"}],"author":[{"embeddable":true,"href":"https:\/\/citizen-life.com\/web\/index.php?rest_route=\/wp\/v2\/users\/1"}],"replies":[{"embeddable":true,"href":"https:\/\/citizen-life.com\/web\/index.php?rest_route=%2Fwp%2Fv2%2Fcomments&post=672"}],"version-history":[{"count":1,"href":"https:\/\/citizen-life.com\/web\/index.php?rest_route=\/wp\/v2\/pages\/672\/revisions"}],"predecessor-version":[{"id":872,"href":"https:\/\/citizen-life.com\/web\/index.php?rest_route=\/wp\/v2\/pages\/672\/revisions\/872"}],"wp:attachment":[{"href":"https:\/\/citizen-life.com\/web\/index.php?rest_route=%2Fwp%2Fv2%2Fmedia&parent=672"}],"curies":[{"name":"wp","href":"https:\/\/api.w.org\/{rel}","templated":true}]}}